{"id":5406,"date":"2026-01-13T21:32:53","date_gmt":"2026-01-13T20:32:53","guid":{"rendered":"https:\/\/www.campinglesiles.fr\/mentions-legales\/"},"modified":"2026-03-04T16:39:04","modified_gmt":"2026-03-04T15:39:04","slug":"juridische-vermelding","status":"publish","type":"page","link":"https:\/\/www.campinglesiles.fr\/nl\/juridische-vermelding\/","title":{"rendered":"Juridische informatie"},"content":{"rendered":"\n<div class=\"wp-block-group section-6 has-custom-color-3-background-color has-background has-global-padding is-layout-constrained wp-container-core-group-is-layout-de244258 wp-block-group-is-layout-constrained\" style=\"margin-top:0px;margin-bottom:0px;padding-top:4rem;padding-right:15rem;padding-bottom:8rem;padding-left:15rem\">\n<div class=\"wp-block-group content has-base-2-background-color has-background has-global-padding is-layout-constrained wp-container-core-group-is-layout-69f271cb wp-block-group-is-layout-constrained\" style=\"border-top-left-radius:10px;border-top-right-radius:10px;border-bottom-left-radius:10px;border-bottom-right-radius:10px;margin-top:0px;margin-bottom:0px;padding-top:40px;padding-right:40px;padding-bottom:40px;padding-left:40px\">\n<h1 class=\"wp-block-heading has-text-align-left has-custom-color-1-color has-text-color has-link-color has-x-large-font-size wp-elements-b77ec89a56d0c7215f9af4ef41f300f0\">Juridische informatie<\/h1>\n\n\n\n<h2 class=\"wp-block-heading\">Locatiemanager<\/h2>\n\n\n\n<p><strong>FLOWER PASSY MONT BLANC<\/strong><br\/>Adres: 245 Rte des Lacs, 74190 Passy<br\/>Telefoon: <a href=\"tel:330458770200\">+33 (0)4 58 77 02 00<\/a><br\/>E-mail: <a href=\"mailto:camping.lesiles@flowercampings.com\">camping.lesiles@flowercampings.com<\/a><br\/>SIRET: 993 548 064 00019<br\/>Rechtsvorm: SAS, soci\u00e9t\u00e9 par actions simplifi\u00e9e<br\/>Intracommunautair BTW-nummer: FR74993548064<\/p>\n\n\n\n<h2 class=\"wp-block-heading\">Geregisseerd door<\/h2>\n\n\n\n<p><strong>GEEK TONIC<\/strong> Vertegenwoordigd door de heer Yohan Darmayan in zijn hoedanigheid van Manager<br\/>Maatschappelijke zetel: 16 chemin de Sabalce 64100 Bayonne<br\/>Tel: <a href=\"https:\/\/www.google.com\/search?q=geek+tonic&amp;sxsrf=ALiCzsb97zG2dngu-WqfTOdPG_O6pmDSPQ%3A1665557722642&amp;ei=2mRGY-_0JorhlwS4vpuoCA&amp;ved=0ahUKEwjvyaSDjtr6AhWK8IUKHTjfBoUQ4dUDCA4&amp;uact=5&amp;oq=geek+tonic&amp;gs_lcp=Cgdnd3Mtd2l6EAMyBAgjECcyCgguEMcBEK8BECcyBggAEBYQHjIGCAAQFhAeMgIIJjoKCAAQRxDWBBCwAzoNCAAQ5AIQ1gQQsAMYAToICAAQFhAeEA86CAgAEBYQHhAKOgUIABCABDoLCC4QgAQQxwEQ0QM6CggAEIAEEIcCEBQ6CggAEIAEEAoQywFKBAhNGAFKBAhBGABKBAhGGAFQ4wtYgh1gkyBoAnABeACAAawBiAHRBJIBAzUuMZgBAKABAcgBDcABAdoBBggBEAEYCQ&amp;sclient=gws-wiz#\">+335 32 74 11 52<\/a><br\/>E-mail: <a href=\"mailto:support@geek-tonic.com\">support@geek-tonic.com<\/a><br\/>Website: <a href=\"https:\/\/www.geek-tonic.com\/\">www.geek-tonic.com<\/a><br\/>SIRET: 89746755100015<br\/>APE: 6201Z<\/p>\n\n\n\n<h2 class=\"wp-block-heading\">Copyright<\/h2>\n\n\n\n<p>De gehele inhoud van deze site valt onder het auteursrecht en intellectueel eigendom volgens de Franse wet. Elke reproductie (inclusief foto&#8217;s, iconen en downloadbare documenten) is verboden zonder voorafgaande toestemming van GEEK TONIC. Reproductie op een elektronische drager van de gehele of gedeeltelijke site op papier of elektronisch formaat is verboden. GEEK TONIC wijst alle verantwoordelijkheid af voor de inhoud van de website. GEEK TONIC wijst ook elke verantwoordelijkheid af wat betreft de externe links die naar deze site verwijzen.   <\/p>\n\n\n\n<h2 class=\"wp-block-heading\">Persoonlijke gegevens en nominatieve informatie<\/h2>\n\n\n\n<p>U hebt het recht op toegang, wijziging, rectificatie en verwijdering van de gegevens die op u betrekking hebben in overeenstemming met artikel 34 van de Franse wet op de gegevensbescherming nr. 78-17 van 6 januari 1978, gewijzigd op 6 augustus 2018. Om dit recht op toegang uit te oefenen, stuurt u een schriftelijk verzoek naar de redacteur van de site. <\/p>\n\n\n\n<h2 class=\"wp-block-heading\">Wetgeving<\/h2>\n\n\n\n<p>In overeenstemming met de wet van 11 maart 1957 (art. 41) en het wetboek van intellectuele eigendom van 1 juli 1992, is het verboden de site geheel of gedeeltelijk te reproduceren zonder voorafgaande toestemming van de uitgever van de site. Logo&#8217;s, afbeeldingen, foto&#8217;s, video&#8217;s, grafische kaarten en teksten zijn eigendom van hun respectieve eigenaars. Deze site kan, zonder zijn medeweten, zijn gekoppeld aan andere sites via hypermedia links. De redacteur van deze site wijst alle verantwoordelijkheid af voor de informatie op deze andere sites. Internetgebruikers erkennen dat het gebruik van deze site valt onder de Franse wetgeving.    <\/p>\n\n\n\n<h2 class=\"wp-block-heading\">Bemiddeling in consumentengeschillen<\/h2>\n\n\n\n<p>In overeenstemming met de bepalingen van de consumentenwet betreffende &#8220;de bemiddeling bij consumentengeschillen&#8221;, heeft de klant het recht om gratis een beroep te doen op de bemiddelingsdienst die wordt aangeboden door <strong>Camping Flower Les \u00eeles<\/strong>. De aldus voorgestelde bemiddelaar &#8220;consumentenrecht&#8221; is CM2C. Deze bemiddelingsdienst kan gecontacteerd worden via : &#8211; elektronisch: www.cm2c.net; &#8211; of per post: CM2C &#8211; Centre de m\u00e9diation et r\u00e8glement amiable des huissiers de justice &#8211; 14, Rue Saint-Jean, 75017 Parijs.  <\/p>\n\n\n\n<h2 class=\"wp-block-heading\">Verantwoordelijkheid voor juridische inhoud<\/h2>\n\n\n\n<p>Als eigenaar van uw site is het uw verantwoordelijkheid om ervoor te zorgen dat de pagina&#8217;s Juridische kennisgeving en Privacybeleid voldoen aan de huidige wetgeving, met name de RGPD (Algemene Verordening Gegevensbescherming) voor sites die persoonsgegevens verzamelen. Deze pagina&#8217;s moeten regelmatig worden bijgewerkt en moeten op transparante wijze de juridische en praktische informatie van uw bedrijf weergeven, evenals de uitgevoerde verwerking van persoonsgegevens. <\/p>\n\n\n\n<p>Ons bureau kan u helpen met de technische opzet van deze pagina&#8217;s, maar u blijft zelf verantwoordelijk voor de juridische inhoud ervan. We raden u ten zeerste aan een jurist te raadplegen om ervoor te zorgen dat uw juridische kennisgevingen en privacybeleid voldoen aan de wetgeving die van toepassing is op uw bedrijf. Neem zo nodig contact met ons op, dan kunnen we u doorverwijzen naar een advocaat-partner.  <\/p>\n<\/div>\n<\/div>\n","protected":false},"excerpt":{"rendered":"<p>Juridische informatie Locatiemanager FLOWER PASSY MONT BLANCAdres: 245 Rte des Lacs, 74190 PassyTelefoon: +33 (0)4 58 77 02 00E-mail: camping.lesiles@flowercampings.comSIRET: 993 548 064 00019Rechtsvorm: SAS, soci\u00e9t\u00e9 par actions simplifi\u00e9eIntracommunautair BTW-nummer: FR74993548064 Geregisseerd door GEEK TONIC Vertegenwoordigd door de heer Yohan Darmayan in zijn hoedanigheid van ManagerMaatschappelijke zetel: 16 chemin de Sabalce 64100 BayonneTel: +335 32 [&hellip;]<\/p>\n","protected":false},"author":1,"featured_media":5407,"parent":0,"menu_order":0,"comment_status":"closed","ping_status":"closed","template":"","meta":{"_seopress_robots_primary_cat":"","_seopress_titles_title":"Juridische informatie","_seopress_titles_desc":"Ontdek de wettelijke vermeldingen van Camping Flower Passy om uw veiligheid en naleving van de wet te garanderen. Neem contact met ons op als u juridische vragen heeft. ","_seopress_robots_index":"yes","inline_featured_image":false,"gt_fse_maillage_image":"https:\/\/www.campinglesiles.fr\/wp-content\/uploads\/2026\/02\/camping-les-iles-lac-de-passy-baignade.jpeg","gt_fse_maillage_titre":"Juridische informatie","gt_fse_maillage_alt":"camping les \u00eeles lac de passy zwemmen","gt_fse_maillage_resume":"","footnotes":""},"categories":[],"tags":[],"class_list":["post-5406","page","type-page","status-publish","has-post-thumbnail","hentry"],"publishpress_future_workflow_manual_trigger":{"enabledWorkflows":[]},"_links":{"self":[{"href":"https:\/\/www.campinglesiles.fr\/nl\/wp-json\/wp\/v2\/pages\/5406","targetHints":{"allow":["GET"]}}],"collection":[{"href":"https:\/\/www.campinglesiles.fr\/nl\/wp-json\/wp\/v2\/pages"}],"about":[{"href":"https:\/\/www.campinglesiles.fr\/nl\/wp-json\/wp\/v2\/types\/page"}],"author":[{"embeddable":true,"href":"https:\/\/www.campinglesiles.fr\/nl\/wp-json\/wp\/v2\/users\/1"}],"replies":[{"embeddable":true,"href":"https:\/\/www.campinglesiles.fr\/nl\/wp-json\/wp\/v2\/comments?post=5406"}],"version-history":[{"count":3,"href":"https:\/\/www.campinglesiles.fr\/nl\/wp-json\/wp\/v2\/pages\/5406\/revisions"}],"predecessor-version":[{"id":5418,"href":"https:\/\/www.campinglesiles.fr\/nl\/wp-json\/wp\/v2\/pages\/5406\/revisions\/5418"}],"wp:featuredmedia":[{"embeddable":true,"href":"https:\/\/www.campinglesiles.fr\/nl\/wp-json\/wp\/v2\/media\/5407"}],"wp:attachment":[{"href":"https:\/\/www.campinglesiles.fr\/nl\/wp-json\/wp\/v2\/media?parent=5406"}],"wp:term":[{"taxonomy":"category","embeddable":true,"href":"https:\/\/www.campinglesiles.fr\/nl\/wp-json\/wp\/v2\/categories?post=5406"},{"taxonomy":"post_tag","embeddable":true,"href":"https:\/\/www.campinglesiles.fr\/nl\/wp-json\/wp\/v2\/tags?post=5406"}],"curies":[{"name":"wp","href":"https:\/\/api.w.org\/{rel}","templated":true}]}}