{"id":5401,"date":"2026-01-13T21:32:53","date_gmt":"2026-01-13T20:32:53","guid":{"rendered":"https:\/\/www.campinglesiles.fr\/mentions-legales\/"},"modified":"2026-03-04T16:38:01","modified_gmt":"2026-03-04T15:38:01","slug":"impressum","status":"publish","type":"page","link":"https:\/\/www.campinglesiles.fr\/de\/impressum\/","title":{"rendered":"Rechtliche Hinweise"},"content":{"rendered":"\n<div class=\"wp-block-group section-6 has-custom-color-3-background-color has-background has-global-padding is-layout-constrained wp-container-core-group-is-layout-de244258 wp-block-group-is-layout-constrained\" style=\"margin-top:0px;margin-bottom:0px;padding-top:4rem;padding-right:15rem;padding-bottom:8rem;padding-left:15rem\">\n<div class=\"wp-block-group content has-base-2-background-color has-background has-global-padding is-layout-constrained wp-container-core-group-is-layout-69f271cb wp-block-group-is-layout-constrained\" style=\"border-top-left-radius:10px;border-top-right-radius:10px;border-bottom-left-radius:10px;border-bottom-right-radius:10px;margin-top:0px;margin-bottom:0px;padding-top:40px;padding-right:40px;padding-bottom:40px;padding-left:40px\">\n<h1 class=\"wp-block-heading has-text-align-left has-custom-color-1-color has-text-color has-link-color has-x-large-font-size wp-elements-c1cf559abce2f047a2d66eedc89f95e7\">Rechtliche Informationen<\/h1>\n\n\n\n<h2 class=\"wp-block-heading\">Verantwortlich f\u00fcr die Website<\/h2>\n\n\n\n<p><strong>FLOWER PASSY MONT BLANC<\/strong><br\/>Adresse: 245 Rte des Lacs, 74190 Passy<br\/>Telefon: <a href=\"tel:330458770200\">+33 (0)4 58 77 02 00<\/a><br\/>Email: <a href=\"mailto:camping.lesiles@flowercampings.com\">camping.lesiles@flowercampings.com<\/a><br\/>SIRET: 993 548 064 00019<br\/>Rechtsform: SAS, vereinfachte Aktiengesellschaft<br\/>Intrakommunale MwSt.-Nr.: FR74993548064<\/p>\n\n\n\n<h2 class=\"wp-block-heading\">Realisierung<\/h2>\n\n\n\n<p><strong>GEEK TONIC<\/strong> Vertreten durch Herrn Yohan Darmayan in seiner Eigenschaft als Gesch\u00e4ftsf\u00fchrer<br\/>Gesch\u00e4ftssitz: 16 chemin de Sabalce 64100 Bayonne<br\/>Tel.: <a href=\"https:\/\/www.google.com\/search?q=geek+tonic&amp;sxsrf=ALiCzsb97zG2dngu-WqfTOdPG_O6pmDSPQ%3A1665557722642&amp;ei=2mRGY-_0JorhlwS4vpuoCA&amp;ved=0ahUKEwjvyaSDjtr6AhWK8IUKHTjfBoUQ4dUDCA4&amp;uact=5&amp;oq=geek+tonic&amp;gs_lcp=Cgdnd3Mtd2l6EAMyBAgjECcyCgguEMcBEK8BECcyBggAEBYQHjIGCAAQFhAeMgIIJjoKCAAQRxDWBBCwAzoNCAAQ5AIQ1gQQsAMYAToICAAQFhAeEA86CAgAEBYQHhAKOgUIABCABDoLCC4QgAQQxwEQ0QM6CggAEIAEEIcCEBQ6CggAEIAEEAoQywFKBAhNGAFKBAhBGABKBAhGGAFQ4wtYgh1gkyBoAnABeACAAawBiAHRBJIBAzUuMZgBAKABAcgBDcABAdoBBggBEAEYCQ&amp;sclient=gws-wiz#\">+335 32 74 11 52<\/a><br\/>E-mail: <a href=\"mailto:support@geek-tonic.com\">support@geek-tonic.com<\/a><br\/>Website: <a href=\"https:\/\/www.geek-tonic.com\/\">www.geek-tonic.com<\/a><br\/>SIRET: 89746755100015<br\/>APE: 6201Z<\/p>\n\n\n\n<h2 class=\"wp-block-heading\">Urheberrecht und Copyright<\/h2>\n\n\n\n<p>Der gesamte Inhalt dieser Website unterliegt dem Urheberrecht sowie dem geistigen Eigentum der franz\u00f6sischen Gesetzgebung. Jede Vervielf\u00e4ltigung (einschlie\u00dflich Fotos, Icons und herunterladbarer Dokumente) ist ohne vorherige Zustimmung von GEEK TONIC untersagt. Die Vervielf\u00e4ltigung der gesamten oder eines Teils der Website in Papier- oder elektronischem Format auf einem elektronischen Datentr\u00e4ger ist verboten. GEEK TONIC \u00fcbernimmt keine Verantwortung f\u00fcr die Inhalte auf der Website. GEEK TONIC \u00fcbernimmt auch keine Verantwortung f\u00fcr externe Links, die auf diese Website verweisen.   <\/p>\n\n\n\n<h2 class=\"wp-block-heading\">Pers\u00f6nliche Daten und namentliche Informationen<\/h2>\n\n\n\n<p>Sie haben ein Recht auf Zugang, \u00c4nderung, Berichtigung und L\u00f6schung der Sie betreffenden Daten gem\u00e4\u00df Artikel 34 des Gesetzes &#8222;Informatique et Libert\u00e9s&#8220; Nr. 78-17 vom 6. Januar 1978, ge\u00e4ndert am 6. August 2018. Um dieses Zugangsrecht auszu\u00fcben, k\u00f6nnen Sie eine einfache schriftliche Anfrage an den Herausgeber der Website richten. <\/p>\n\n\n\n<h2 class=\"wp-block-heading\">Gesetzgebung<\/h2>\n\n\n\n<p>Gem\u00e4\u00df dem Gesetz vom 11. M\u00e4rz 1957 (Art. 41) und dem Gesetzbuch \u00fcber geistiges Eigentum vom 1. Juli 1992 ist es verboten, einen Teil der Website ohne vorherige Genehmigung des Herausgebers der Website teilweise oder vollst\u00e4ndig zu reproduzieren. Die Logos, Bilder, Fotos, Videos, Grafiken und Texte sind Eigentum ihrer jeweiligen Besitzer. Diese Website kann ohne sein Wissen mit anderen Websites \u00fcber Hypermedia-Links verbunden sein. Der Herausgeber der Website lehnt jede Verantwortung f\u00fcr die Informationen auf diesen anderen Websites ab. Der Internetnutzer erkennt an, dass die Nutzung dieser Website dem franz\u00f6sischen Recht unterliegt.    <\/p>\n\n\n\n<h2 class=\"wp-block-heading\">Schlichtung von Verbraucherrechtsstreitigkeiten<\/h2>\n\n\n\n<p>Gem\u00e4\u00df den Bestimmungen des Verbraucherschutzgesetzes \u00fcber das &#8222;Schlichtungsverfahren f\u00fcr Verbraucherrechtsstreitigkeiten&#8220; hat der Kunde das Recht, kostenlos den von <strong>Camping Flower Les \u00eeles<\/strong> angebotenen Schlichtungsdienst in Anspruch zu nehmen. Der vorgeschlagene Mediator f\u00fcr Verbraucherrecht ist CM2C. Diese Schlichtungsstelle kann erreicht werden \u00fcber: &#8211; elektronisch: www.cm2c.net; &#8211; oder auf dem Postweg: CM2C &#8211; Centre de m\u00e9diation et r\u00e8glement amiable des huissiers de justice &#8211; 14, Rue Saint-Jean, 75017 Paris.  <\/p>\n\n\n\n<h2 class=\"wp-block-heading\">Verantwortung f\u00fcr legale Inhalte<\/h2>\n\n\n\n<p>Als Eigent\u00fcmer Ihrer Website sind Sie daf\u00fcr verantwortlich, dass die Seiten Impressum und Datenschutzerkl\u00e4rung den geltenden Gesetzen entsprechen, insbesondere der GDPR (General Data Protection Regulation) f\u00fcr Websites, die personenbezogene Daten sammeln. Diese Seiten sollten regelm\u00e4\u00dfig aktualisiert werden und die rechtlichen und praktischen Informationen Ihres Unternehmens sowie die Verarbeitung personenbezogener Daten, die Sie vornehmen, transparent wiedergeben. <\/p>\n\n\n\n<p>Unsere Agentur kann Sie bei der technischen Einrichtung dieser Seiten unterst\u00fctzen, aber Sie bleiben f\u00fcr den rechtlichen Inhalt dieser Seiten verantwortlich. Wir empfehlen Ihnen dringend, einen Rechtsexperten zu konsultieren, um sicherzustellen, dass Ihr Impressum und Ihre Datenschutzrichtlinie mit den f\u00fcr Ihr Unternehmen geltenden Gesetzen \u00fcbereinstimmen. Kontaktieren Sie uns, wenn Sie dies ben\u00f6tigen, und wir k\u00f6nnen Sie an einen Partneranwalt verweisen.  <\/p>\n<\/div>\n<\/div>\n","protected":false},"excerpt":{"rendered":"<p>Rechtliche Informationen Verantwortlich f\u00fcr die Website FLOWER PASSY MONT BLANCAdresse: 245 Rte des Lacs, 74190 PassyTelefon: +33 (0)4 58 77 02 00Email: camping.lesiles@flowercampings.comSIRET: 993 548 064 00019Rechtsform: SAS, vereinfachte AktiengesellschaftIntrakommunale MwSt.-Nr.: FR74993548064 Realisierung GEEK TONIC Vertreten durch Herrn Yohan Darmayan in seiner Eigenschaft als Gesch\u00e4ftsf\u00fchrerGesch\u00e4ftssitz: 16 chemin de Sabalce 64100 BayonneTel.: +335 32 74 11 [&hellip;]<\/p>\n","protected":false},"author":1,"featured_media":5402,"parent":0,"menu_order":0,"comment_status":"closed","ping_status":"closed","template":"","meta":{"_seopress_robots_primary_cat":"","_seopress_titles_title":"Rechtliche Hinweise","_seopress_titles_desc":"Entdecken Sie die rechtlichen Hinweise des Campingplatzes Flower Passy, um Ihre Sicherheit und Rechtskonformit\u00e4t zu gew\u00e4hrleisten. Kontaktieren Sie uns bei rechtlichen Fragen. ","_seopress_robots_index":"yes","inline_featured_image":false,"gt_fse_maillage_image":"https:\/\/www.campinglesiles.fr\/wp-content\/uploads\/2026\/02\/camping-les-iles-lac-de-passy-baignade.jpeg","gt_fse_maillage_titre":"Rechtliche Hinweise","gt_fse_maillage_alt":"camping les \u00eeles lac de passy baden","gt_fse_maillage_resume":"","footnotes":""},"categories":[],"tags":[],"class_list":["post-5401","page","type-page","status-publish","has-post-thumbnail","hentry"],"publishpress_future_workflow_manual_trigger":{"enabledWorkflows":[]},"_links":{"self":[{"href":"https:\/\/www.campinglesiles.fr\/de\/wp-json\/wp\/v2\/pages\/5401","targetHints":{"allow":["GET"]}}],"collection":[{"href":"https:\/\/www.campinglesiles.fr\/de\/wp-json\/wp\/v2\/pages"}],"about":[{"href":"https:\/\/www.campinglesiles.fr\/de\/wp-json\/wp\/v2\/types\/page"}],"author":[{"embeddable":true,"href":"https:\/\/www.campinglesiles.fr\/de\/wp-json\/wp\/v2\/users\/1"}],"replies":[{"embeddable":true,"href":"https:\/\/www.campinglesiles.fr\/de\/wp-json\/wp\/v2\/comments?post=5401"}],"version-history":[{"count":3,"href":"https:\/\/www.campinglesiles.fr\/de\/wp-json\/wp\/v2\/pages\/5401\/revisions"}],"predecessor-version":[{"id":5415,"href":"https:\/\/www.campinglesiles.fr\/de\/wp-json\/wp\/v2\/pages\/5401\/revisions\/5415"}],"wp:featuredmedia":[{"embeddable":true,"href":"https:\/\/www.campinglesiles.fr\/de\/wp-json\/wp\/v2\/media\/5402"}],"wp:attachment":[{"href":"https:\/\/www.campinglesiles.fr\/de\/wp-json\/wp\/v2\/media?parent=5401"}],"wp:term":[{"taxonomy":"category","embeddable":true,"href":"https:\/\/www.campinglesiles.fr\/de\/wp-json\/wp\/v2\/categories?post=5401"},{"taxonomy":"post_tag","embeddable":true,"href":"https:\/\/www.campinglesiles.fr\/de\/wp-json\/wp\/v2\/tags?post=5401"}],"curies":[{"name":"wp","href":"https:\/\/api.w.org\/{rel}","templated":true}]}}