{"id":5389,"date":"2025-12-03T09:35:49","date_gmt":"2025-12-03T08:35:49","guid":{"rendered":"https:\/\/www.campinglesiles.fr\/politique-de-confidentialite\/"},"modified":"2026-03-04T16:28:00","modified_gmt":"2026-03-04T15:28:00","slug":"datenschutzrichtlinie","status":"publish","type":"page","link":"https:\/\/www.campinglesiles.fr\/de\/datenschutzrichtlinie\/","title":{"rendered":"Politique de confidentialit\u00e9"},"content":{"rendered":"\n<div class=\"wp-block-group section-6 has-custom-color-3-background-color has-background has-global-padding is-layout-constrained wp-container-core-group-is-layout-de244258 wp-block-group-is-layout-constrained\" style=\"margin-top:0px;margin-bottom:0px;padding-top:4rem;padding-right:15rem;padding-bottom:8rem;padding-left:15rem\">\n<div class=\"wp-block-group content has-base-2-background-color has-background has-global-padding is-layout-constrained wp-container-core-group-is-layout-69f271cb wp-block-group-is-layout-constrained\" style=\"border-top-left-radius:10px;border-top-right-radius:10px;border-bottom-left-radius:10px;border-bottom-right-radius:10px;margin-top:0px;margin-bottom:0px;padding-top:40px;padding-right:40px;padding-bottom:40px;padding-left:40px\">\n<h1 class=\"wp-block-heading has-custom-color-1-color has-text-color has-link-color has-x-large-font-size wp-elements-e3825f6e26ab1e307b10c1a8533f7321\">Politik zum schutz personenbezogener daten<\/h1>\n\n\n\n<div style=\"height:30px\" aria-hidden=\"true\" class=\"wp-block-spacer gt-hide-mobile\"><\/div>\n\n\n\n<h2 class=\"wp-block-heading\">Sehr geehrte Kunden!<\/h2>\n\n\n\n<p>Ab dem 25. Mai 2018 gilt in der Europ\u00e4ischen Union die Allgemeine Datenschutz-Grundverordnung (DSGVO).<\/p>\n\n\n\n<p>Die Umsetzung dieser Verordnung bietet den Unternehmen der Flower Group (nachstehend \u201eFlower\u201c genannt) die M\u00f6glichkeit, durch die vorliegende Datenschutzerkl\u00e4rung, die in die Allgemeinen Gesch\u00e4ftsbedingungen integriert ist, die Grunds\u00e4tze zu best\u00e4tigen, denen die Nutzung Ihrer personenbezogenen Daten durch Flower unterliegt.<\/p>\n\n\n\n<p>Diese Datenschutzerkl\u00e4rung kann regelm\u00e4\u00dfig aktualisiert werden, insbesondere um m\u00f6glichen \u00c4nderungen der Gesetzgebung Rechnung zu tragen oder um innerhalb von Flower neue Organisationsformen zu implementieren.<\/p>\n\n\n\n<h2 class=\"wp-block-heading\">Begriffsbestimmung f\u00fcr personenbezogene Daten<\/h2>\n\n\n\n<p>Personenbezogene Daten sind Informationen, die in einem Format vorliegen, das es erm\u00f6glicht, eine nat\u00fcrliche Person direkt (Name, Vorname) oder indirekt (Kennung, Telefonnummer, biometrische Daten &#8230;) zu identifizieren.<\/p>\n\n\n\n<p>Beispiele: Name, Foto, IP-Adresse, Telefonnummer, Computer-Login (Login\/Passwort f\u00fcr den Kundenbereich), Postanschrift, E-Mail-Adresse.<\/p>\n\n\n\n<h2 class=\"wp-block-heading\">Verarbeitung von personenbezogenen Daten<\/h2>\n\n\n\n<p>Die Verarbeitung personenbezogener Daten kann das Erheben, Aufzeichnen, Verwalten, Speichern, Anpassen, \u00c4ndern, Extrahieren, Abrufen, Verwenden oder das Weitergeben personenbezogener Daten im Sinne der obigen Begriffsbestimmung umfassen.<\/p>\n\n\n\n<h2 class=\"wp-block-heading\">Anwendungsbereich der Datenschutzerkl\u00e4rung<\/h2>\n\n\n\n<p>Diese Datenschutzerkl\u00e4rung gilt f\u00fcr alle Arten der Verarbeitung personenbezogener Daten, die von Flower auf der Buchungswebsite und im Rahmen der Beziehungen durchgef\u00fchrt werden, die Flower mit all seinen Kunden unterh\u00e4lt.<\/p>\n\n\n\n<h2 class=\"wp-block-heading\">Von Flower erhobene, personenbezogene Daten<\/h2>\n\n\n\n<p>Diese umfassen gegebenenfalls:<\/p>\n\n\n\n<ul class=\"wp-block-list\">\n<li>Ihre Kontaktdaten und Ihren Personenstand (Name, Vorname, Geburtsdatum, Staatsangeh\u00f6rigkeit, Postanschrift, E-Mail-Adresse, Telefonnummer, Autokennzeichen).\u00a0<\/li>\n\n\n\n<li>Die Namen der Personen, die Sie begleiten.\u00a0\u00a0\u00a0<br>\u00a0<\/li>\n<\/ul>\n\n\n\n<p>Bei Minderj\u00e4hrigen erheben wir \u00fcber eine vollj\u00e4hrige Person lediglich deren Namen, Vornamen, deren Staatsangeh\u00f6rigkeit und deren Geburtsdatum.&nbsp;<\/p>\n\n\n\n<ul class=\"wp-block-list\">\n<li>Informationen \u00fcber Ihre Zahlungsmittel (Kreditkartennummer).\u00a0<\/li>\n\n\n\n<li>Ihre Urlaubsdaten.\u00a0<\/li>\n\n\n\n<li>Ihre Pr\u00e4ferenzen f\u00fcr Ihren Aufenthalt (z.B. Ausrichtung der Wohnung, Art des Bettes) und Zusatzaktivit\u00e4ten (z.B. Buchung des Verleihs von Skiausr\u00fcstung oder des Skilifts).\u00a0<\/li>\n\n\n\n<li>Bestimmte Einschr\u00e4nkungen, die im Rahmen<\/li>\n\n\n\n<li>Ihres Aufenthalts zu ber\u00fccksichtigen sind (z.B. Personen mit eingeschr\u00e4nkter Mobilit\u00e4t).\u00a0<\/li>\n\n\n\n<li>Ihre IP-Adresse, den Browser, den Sie verwenden, und Ihre Spracheinstellungen.\u00a0<\/li>\n\n\n\n<li>Die Art und Weise, wie Sie sich auf unserer Website bewegen (besuchte Seiten, Klicks).\u00a0<\/li>\n\n\n\n<li>Um die Sicherheit von Personen und Eigentum zu gew\u00e4hrleisten, sind einige unserer Einrichtungen video\u00fcberwacht. Dies bedeutet, dass Sie m\u00f6glicherweise von Kameras erfasst werden.<\/li>\n<\/ul>\n\n\n\n<h2 class=\"wp-block-heading\">Aus welchem Anlass werden personenbezogene Daten erhoben?<\/h2>\n\n\n\n<p>Personenbezogene Daten werden erhoben:<\/p>\n\n\n\n<ul class=\"wp-block-list\">\n<li>Bei der Buchung eines Aufenthalts, unabh\u00e4ngig davon, ob die Buchung direkt oder \u00fcber Dritte (Reiseveranstalter, Betriebsr\u00e4te, Reiseb\u00fcros usw.) erfolgt, ob sie physisch, per Post, online oder telefonisch vorgenommen wird und ob sie eine von Flower direkt verwaltete Website oder eine von einem Hosting-Anbieter verwaltete Website betrifft.<\/li>\n\n\n\n<li>Bei der in unseren Einrichtungen erfolgten Inanspruchnahme von Zusatzleistungen (Ausfl\u00fcge, Verpflegung, Bar).<\/li>\n\n\n\n<li>Bei Beanstandungen oder Streitigkeiten.<\/li>\n\n\n\n<li>Im Rahmen der Teilnahme an Zufriedenheitsumfragen.<\/li>\n\n\n\n<li>Im Rahmen der Teilnahme an Gewinnspielen.<\/li>\n\n\n\n<li>Bei der Anmeldung zum Bezug von Newslettern.<\/li>\n\n\n\n<li>Bei der Anmeldung auf unseren Webseiten (IP-Adresse, Cookies).<\/li>\n\n\n\n<li>Beim Besuch unserer Seiten in sozialen Netzwerken.<\/li>\n\n\n\n<li>Bei der \u00dcbermittlung Ihrer Daten an bestimmte Dienstleister (z.B. Banken f\u00fcr die Abwicklung von Zahlungen, Versanddienstleister f\u00fcr den Versand von Katalogen oder Marketingdienstleister).<\/li>\n\n\n\n<li>Bei der Aufnahme von Bildern im Rahmen der Video\u00fcberwachung.<\/li>\n<\/ul>\n\n\n\n<h2 class=\"wp-block-heading\">Zu welchem Zweck erheben wir personenbezogene Daten?<\/h2>\n\n\n\n<p>Wir erheben Ihre personenbezogenen Daten zu folgenden Zwecken:<\/p>\n\n\n\n<ul class=\"wp-block-list\">\n<li>Um Sie besser kennenzulernen.<\/li>\n\n\n\n<li>Um mit Ihnen zu kommunizieren.<\/li>\n\n\n\n<li>Zur Verwaltung unserer Kundenbeziehung (Buchungen von Aufenthalten, besondere Anfragen, Aufenthalt, nach Beendigung des Aufenthalts).<\/li>\n\n\n\n<li>Zur Sicherstellung unserer Markenwerbung.<\/li>\n\n\n\n<li>Um Ihnen jederzeit einen qualitativ hochwertigen Kundenservice zu bieten, der es Ihnen erm\u00f6glicht, jene personalisierten Angebote zu nutzen, die am besten auf Ihre Erwartungen zugeschnitten sind, die sich aus Ihren W\u00fcnschen, Konsumgewohnheiten und Bewertungen ergeben.<\/li>\n\n\n\n<li>Um in diesem Rahmen und mit diesem Ziel Auswertungen und Erhebungen durchzuf\u00fchren, die dazu dienen, die Kundendatenbank durch eine bessere Kenntnis Ihrer Interessengebiete zu erweitern\/zu erg\u00e4nzen.<\/li>\n\n\n\n<li>Um Daten abzugleichen, auszuwerten und zusammenzuf\u00fchren.<\/li>\n\n\n\n<li>Zur Erstellung von Statistiken.<\/li>\n\n\n\n<li>Zur Bearbeitung etwaiger Beanstandungen.<\/li>\n\n\n\n<li>Zur Sicherung der von Ihnen get\u00e4tigten Zahlungen.<\/li>\n\n\n\n<li>Zur buchhalterischen Erfassung Ihrer Inanspruchnahme von Zusatzleistungen (Verpflegung, Bar, Ausfl\u00fcge usw.).<\/li>\n\n\n\n<li>Zur Sicherung und Verbesserung der Website-Nutzung und des Browsens auf der Flower-Website.<\/li>\n\n\n\n<li>Zur Erf\u00fcllung der rechtlichen und regulatorischen Pflichten des Umfelds, in dem Flower t\u00e4tig ist (Beantwortung beh\u00f6rdlicher Ersuchen, Bearbeitung von Streitigkeiten, \u00dcberwachung der Einhaltung geltender Vorschriften).<\/li>\n\n\n\n<li>Zur Verhinderung von Betrug.<\/li>\n\n\n\n<li>Zur Durchf\u00fchrung von Gewinnspielen.<\/li>\n<\/ul>\n\n\n\n<h2 class=\"wp-block-heading\">Datenschutzverpflichtungen von Flower<\/h2>\n\n\n\n<p>1\/ Keinerlei Informationen zu erheben, die f\u00fcr die Aus\u00fcbung unserer Gesch\u00e4ftst\u00e4tigkeit, die Zufriedenheit unserer Kunden und die Verbesserung unserer Produkte und Dienstleistungen nicht unbedingt erforderlich sind. &nbsp;<\/p>\n\n\n\n<p>2\/ Keinerlei \u201esensiblen\u201c Informationen zu erheben \u00fcber eine angeblich rassische oder ethnische Herkunft, \u00fcber politische, philosophische oder religi\u00f6se Meinungen, eine etwaige Gewerkschaftszugeh\u00f6rigkeit, \u00fcber die sexuelle Orientierung, die Gesundheit, genetische oder biometrische Daten, Straftaten oder strafrechtliche Verurteilungen. &nbsp;<\/p>\n\n\n\n<p>3\/ Innerhalb von Flower die Anzahl der Personen, die Zugang zu Ihren personenbezogenen Daten haben, so weit wie m\u00f6glich zu begrenzen, indem wir in den betreffenden Abteilungen (Vertriebsabteilung, Anlagenbetreiber, Buchhaltung, IT-Abteilung, Marketingabteilung, Rechtsabteilung) spezifische Berechtigungen vorsehen. Durchf\u00fchrung umfangreicher interner Sensibilisierungsma\u00dfnahmen zum Schutz Ihrer Privatsph\u00e4re. &nbsp;<\/p>\n\n\n\n<p>4\/ Ihre Daten lediglich f\u00fcr einen Zeitraum aufzubewahren, der mit den Zwecken der Verarbeitung oder unseren gesetzlichen Verpflichtungen vereinbar ist: 13 Monate f\u00fcr Cookies (ab der letzten Verbindung), 5 Jahre f\u00fcr andere personenbezogene Daten (ab der letzten Transaktion), 1 Monat f\u00fcr Bilder aus der Video\u00fcberwachung. &nbsp;<\/p>\n\n\n\n<p>5\/ Keinerlei Daten, die Ihre Person betreffen, au\u00dferhalb der Europ\u00e4ischen Union zu \u00fcbertragen. &nbsp;<\/p>\n\n\n\n<p>6\/ Ihnen jederzeit die Aus\u00fcbung der Rechte zuzusichern, die Sie hinsichtlich Ihrer personenbezogenen Daten besitzen:<br><br>&#8211; Recht auf Auskunft. &nbsp;<br>&#8211; Recht auf Widerspruch. &nbsp;<br>&#8211; Recht auf Berichtigung. &nbsp;<br>&#8211; Recht auf L\u00f6schung. &nbsp;<br>&#8211; Recht auf Einschr\u00e4nkung der Verarbeitung. &nbsp;<br>&#8211; Recht auf Daten\u00fcbertragbarkeit. &nbsp;<br><br>Zur Aus\u00fcbung Ihrer Rechte k\u00f6nnen Sie uns unter folgender E-Mail-Adresse kontaktieren:&nbsp;<a href=\"mailto:dpo@odalys-vacances.com\">dpo@odalys-vacances.com<\/a><\/p>\n\n\n\n<p>Um Ihre Rechte aus\u00fcben zu k\u00f6nnen, werden Sie zuvor zum Nachweis Ihrer Identit\u00e4t aufgefordert. &nbsp;<\/p>\n\n\n\n<p>Die Frist f\u00fcr die Beantwortung eines vollst\u00e4ndigen Antrags wird auf 2 Monate festgesetzt. &nbsp;<br><br>7\/ Vertraulichkeit und Sicherheit<\/p>\n\n\n\n<p>Jederzeit alle informationstechnischen, physischen und organisatorischen Ma\u00dfnahmen zu ergreifen, um Ihre personenbezogenen Daten vor unbefugter Nutzung durch versehentliches oder absichtliches Eindringen in unsere Informationssysteme, insbesondere unsere Zahlungssysteme, zu sch\u00fctzen. &nbsp;<\/p>\n\n\n\n<p>Zum Beispiel: Einrichtung von Firewalls, Verwendung der Secure Socket Layer Technologie bei Kreditkartenzahlungen, Einrichtung von Passw\u00f6rtern auf allen Computern, die Zugang zu personenbezogenen Daten haben. &nbsp;<\/p>\n\n\n\n<p>8\/ \u00dcbermittlung<\/p>\n\n\n\n<p>Sicherzustellen, dass die Dienstleister (Vermarkter, Hoster, Marketingdienstleister &#8230;), an die wir Ihre personenbezogenen Daten \u00fcbermitteln, die Bestimmungen der DSGVO strengstens einhalten. &nbsp;<\/p>\n\n\n\n<p>9\/ Gemeinsame Datennutzung von Flower und den Franchisenehmern<\/p>\n\n\n\n<p>Flower betreibt Campingpl\u00e4tze in direkter Regie und unterh\u00e4lt zudem ein Netzwerk von Franchise-Campingpl\u00e4tzen, die unter der Marke \u201eFlower Campings\u201c (nachfolgend \u201eFranchisenehmer\u201c) agieren. &nbsp;<\/p>\n\n\n\n<p>Die auf der Flower-Website erhobenen Daten sind f\u00fcr Flower oder die Franchisenehmer bestimmt, um Sie besser kennenzulernen und damit in der Lage zu sein, Ihnen als Nutzer unserer Dienstleistungen oder als Kunde der Franchise-Campingpl\u00e4tze einen besseren Service zu bieten. Die Nutzung der Website erm\u00f6glicht Ihnen die Inanspruchnahme der von Flower und\/oder den Franchisenehmern angebotenen Dienstleistungen. Sie erkl\u00e4ren sich damit einverstanden, dass Ihre Daten zwischen Flower und den Franchisenehmern ausgetauscht werden, wenn diese ihre Ressourcen im Rahmen ihrer Netzwerkorganisation zusammenlegen. &nbsp;<\/p>\n\n\n\n<p>Die f\u00fcr die Verarbeitung Verantwortlichen sind die Franchisenehmer, wenn die personenbezogenen Daten direkt von ihnen oder \u00fcber ihre Website erhoben werden. &nbsp;&nbsp;<\/p>\n\n\n\n<p>10\/ Zustimmung<\/p>\n\n\n\n<p>Ihre eindeutige und unmissverst\u00e4ndliche Zustimmung zur Nutzung Ihrer Daten einzuholen. &nbsp;<\/p>\n\n\n\n<p>Ihnen jederzeit die M\u00f6glichkeit zu bieten, den Erhalt unserer Nachrichten abzulehnen (Abmeldelink). &nbsp;<\/p>\n\n\n\n<p>11\/ Ernennung eines Datenschutzbeauftragten (DPO &#8211; Data Protection Officer) \u2013 Verantwortung f\u00fcr Datenbest\u00e4nde<\/p>\n\n\n\n<p>Das Unternehmen Flower SAS ist der Datenverantwortliche, wenn Daten auf der Flower-Website erhoben werden. &nbsp;&nbsp;<\/p>\n\n\n\n<p>Flower geh\u00f6rt zur selben Unternehmensgruppe wie die Odalys-Gruppe, die einen Datenschutzbeauftragten (DPO &#8211; Data Protection Officer) ernannt hat. &nbsp;&nbsp;<\/p>\n\n\n\n<p>Die Kontaktdaten des DPO der Odalys-Gruppe lauten wie folgt:<\/p>\n\n\n\n<p>dpo@odalys-vacances.com&nbsp;&nbsp;<br><br>Datenschutzbeauftragter der Odalys-Gruppe<br>655, rue Ren\u00e9 Descartes,&nbsp;&nbsp;<br>Parc de la Duranne &#8211; BP 412&nbsp;&nbsp;<br>13591 AIX EN PROVENCE Cedex<\/p>\n\n\n\n<h2 class=\"wp-block-heading\">Cookies<\/h2>\n\n\n\n<p>Wenn Sie unsere Website besuchen, kann es sein, dass wir, vorbehaltlich Ihrer Wahl, \u00fcber Ihre Browser-Software eine Textdatei, auch Cookie genannt, auf Ihrem Computer ablegen.&nbsp;<br>Diese Datei hat eine begrenzte Lebensdauer und wird automatisch gel\u00f6scht, wenn ihre Lebensdauer abgelaufen ist.&nbsp;<\/p>\n\n\n\n<p>W\u00e4hrend ihrer G\u00fcltigkeits- oder Speicherdauer erm\u00f6glicht uns diese Datei, Ihren Computer bei Ihren n\u00e4chsten Besuchen zu identifizieren. Diese Cookies sind virenfrei. &nbsp;Flower verwendet Cookies, um Ihre Erfahrung auf unserer Website zu verbessern.&nbsp;<\/p>\n\n\n\n<p>Einige Cookies sind f\u00fcr das Funktionieren der Website unerl\u00e4sslich, andere helfen uns zu verstehen, welche Inhalte f\u00fcr unsere Besucher am n\u00fctzlichsten sind, und erm\u00f6glichen es uns, Ihnen bessere Dienstleistungen und Inhalte anzubieten und unseren Nutzern durch Werbung oder Kommunikationskampagnen die relevantesten Angebote zu unterbreiten.<br>&nbsp;<\/p>\n\n\n\n<h2 class=\"wp-block-heading\">Arten von Cookies, die wir verwenden<\/h2>\n\n\n\n<p>Sicherheit: Diese Cookies erm\u00f6glichen es uns, die Sicherheit unserer Website zu gew\u00e4hrleisten.<\/p>\n\n\n\n<p>Website-Eigenschaften: Wir messen, wie Besucher unsere Website nutzen, damit wir die Webseiten und die Nutzung unserer Website optimieren k\u00f6nnen.<\/p>\n\n\n\n<p>Analytics: Wir verfolgen die Trends des Website-Traffics, so dass wir die beliebtesten Inhalte der Website und potenzielle Probleme der Website identifizieren k\u00f6nnen.<\/p>\n\n\n\n<p>Werbung: Wir verwenden Ihre Standortdaten und Ihre bei fr\u00fcheren Besuchen unserer Website erhobenen Browserdaten, um Ihnen auf unserer Website individuell angepasste Werbung zu zeigen.<\/p>\n\n\n\n<p>Auf unserer Website werden die verwendeten Cookies und die Zwecke, f\u00fcr die sie verwendet werden, ausf\u00fchrlich beschrieben.<\/p>\n\n\n\n<h2 class=\"wp-block-heading\">Ihre Wahl in Bezug auf Cookies<\/h2>\n\n\n\n<p>Das Speichern eines Cookies auf Ihrem Computer h\u00e4ngt von Ihrem Einverst\u00e4ndnis ab.<\/p>\n\n\n\n<p>\u00dcber die Einstellungen Ihrer Internet-Browser-Software k\u00f6nnen Sie jederzeit einfach und kostenlos entscheiden, ob Sie die Speicherung von Cookies auf Ihrem Computer akzeptieren wollen oder nicht.<\/p>\n\n\n\n<h2 class=\"wp-block-heading\">Wahlm\u00f6glichkeiten, die Ihnen Ihre Browser-Software bietet<\/h2>\n\n\n\n<p>Sie k\u00f6nnen eine Funktion ausw\u00e4hlen, mit der Ihr Computer Sie jedes Mal benachrichtigt, wenn ein Cookie auf Ihrem Computer abgelegt wird, oder Sie k\u00f6nnen sich entscheiden, alle Cookies zu deaktivieren.<\/p>\n\n\n\n<p>Um dies zu tun, sollten Sie die Einstellungen Ihres Browsers \u00fcberpr\u00fcfen. Jeder Browser ist etwas anders konzipiert und daher sollten Sie sich im jeweiligen Hilfs-Men\u00fc Ihres Browsers dar\u00fcber informieren, wie Sie Ihre Cookie-Einstellungen \u00e4ndern k\u00f6nnen.<\/p>\n\n\n\n<p>Sie k\u00f6nnen Ihre Browser-Software nach Belieben so einstellen, dass Cookies (a) akzeptiert und auf Ihrem Computer gespeichert werden oder (b) abgelehnt werden.<br><br><strong>a. Einwilligung zur Speicherung von Cookies<\/strong><br><br>Wenn Ihre Browser-Software so eingestellt ist, dass sie das Speichern von Cookies auf Ihrem Computer akzeptiert, werden die Cookies, die in den von Ihnen aufgerufenen Seiten und Inhalten integriert sind, systematisch auf Ihrem Computer gespeichert.<\/p>\n\n\n\n<p><strong>b. Ablehnung von Cookies<\/strong><\/p>\n\n\n\n<p>Sie k\u00f6nnen Ihre Browser-Software so einstellen, dass sie:<\/p>\n\n\n\n<ul class=\"wp-block-list\">\n<li>Ihnen erm\u00f6glicht, Cookies zu akzeptieren oder abzulehnen, bevor ein Cookie gespeichert wird;<\/li>\n\n\n\n<li>das Speichern von Cookies auf Ihrem Computer systematisch ablehnt.<\/li>\n<\/ul>\n\n\n\n<p>Achtung: Jede Einstellung, die Sie in Ihrer Browser-Software in Bezug auf die Annahme oder Ablehnung von Cookies vornehmen k\u00f6nnen, kann Ihre Browsernutzung im Internet und Ihre Zugangsbedingungen zu bestimmten Diensten, die die Verwendung derselben Cookies erfordern, ver\u00e4ndern.<\/p>\n\n\n\n<p>Wenn Sie Cookies deaktivieren, werden einige unserer Dienste nicht richtig funktionieren. Es wird Ihnen nicht m\u00f6glich sein, Ihren Aufenthalt online zu buchen. Sie m\u00fcssen sich mit unserer Buchungszentrale in Verbindung setzen, um Ihren Aufenthalt zu buchen.<\/p>\n\n\n\n<p>Wie k\u00f6nnen Sie Ihre Wahlm\u00f6glichkeiten aus\u00fcben, je nachdem, welchen Browser Sie verwenden?<\/p>\n\n\n\n<p>Wenn Sie einen anderen Browsertyp oder eine andere Browserversion nutzen, sollten Sie sich im Hilfsmen\u00fc Ihres Browsers informieren.<\/p>\n\n\n\n<p>Unsere Website beschreibt im Detail, wie Sie die Cookies der wichtigsten Browser (Internet Explorer, Google Chrome, Mozilla Firefox, Safari, Opera) verwalten k\u00f6nnen.<br><\/p>\n<\/div>\n<\/div>\n","protected":false},"excerpt":{"rendered":"<p>Politik zum schutz personenbezogener daten Sehr geehrte Kunden! Ab dem 25. Mai 2018 gilt in der Europ\u00e4ischen Union die Allgemeine Datenschutz-Grundverordnung (DSGVO). Die Umsetzung dieser Verordnung bietet den Unternehmen der Flower Group (nachstehend \u201eFlower\u201c genannt) die M\u00f6glichkeit, durch die vorliegende Datenschutzerkl\u00e4rung, die in die Allgemeinen Gesch\u00e4ftsbedingungen integriert ist, die Grunds\u00e4tze zu best\u00e4tigen, denen die Nutzung [&hellip;]<\/p>\n","protected":false},"author":1,"featured_media":0,"parent":0,"menu_order":0,"comment_status":"closed","ping_status":"closed","template":"","meta":{"_seopress_robots_primary_cat":"","_seopress_titles_title":"Datenschutzerkl\u00e4rung Flower Campings","_seopress_titles_desc":"Erfahren Sie, wie Flower den Schutz Ihrer personenbezogenen Daten gem\u00e4\u00df der DSGVO gew\u00e4hrleistet. Transparenz und Sicherheit haben f\u00fcr uns oberste Priorit\u00e4t.","_seopress_robots_index":"yes","inline_featured_image":false,"gt_fse_maillage_image":"https:\/\/www.campinglesiles.fr\/wp-content\/uploads\/2026\/02\/Camping-les-iles-flower-Passy-village-Alpes.jpeg","gt_fse_maillage_titre":"Datenschutzerkl\u00e4rung","gt_fse_maillage_alt":"Campingplatz Les \u00celes Flower Passy Village Alpes","gt_fse_maillage_resume":"","footnotes":""},"categories":[],"tags":[],"class_list":["post-5389","page","type-page","status-publish","hentry"],"publishpress_future_workflow_manual_trigger":{"enabledWorkflows":[]},"_links":{"self":[{"href":"https:\/\/www.campinglesiles.fr\/de\/wp-json\/wp\/v2\/pages\/5389","targetHints":{"allow":["GET"]}}],"collection":[{"href":"https:\/\/www.campinglesiles.fr\/de\/wp-json\/wp\/v2\/pages"}],"about":[{"href":"https:\/\/www.campinglesiles.fr\/de\/wp-json\/wp\/v2\/types\/page"}],"author":[{"embeddable":true,"href":"https:\/\/www.campinglesiles.fr\/de\/wp-json\/wp\/v2\/users\/1"}],"replies":[{"embeddable":true,"href":"https:\/\/www.campinglesiles.fr\/de\/wp-json\/wp\/v2\/comments?post=5389"}],"version-history":[{"count":2,"href":"https:\/\/www.campinglesiles.fr\/de\/wp-json\/wp\/v2\/pages\/5389\/revisions"}],"predecessor-version":[{"id":5395,"href":"https:\/\/www.campinglesiles.fr\/de\/wp-json\/wp\/v2\/pages\/5389\/revisions\/5395"}],"wp:attachment":[{"href":"https:\/\/www.campinglesiles.fr\/de\/wp-json\/wp\/v2\/media?parent=5389"}],"wp:term":[{"taxonomy":"category","embeddable":true,"href":"https:\/\/www.campinglesiles.fr\/de\/wp-json\/wp\/v2\/categories?post=5389"},{"taxonomy":"post_tag","embeddable":true,"href":"https:\/\/www.campinglesiles.fr\/de\/wp-json\/wp\/v2\/tags?post=5389"}],"curies":[{"name":"wp","href":"https:\/\/api.w.org\/{rel}","templated":true}]}}